{"id":50905,"date":"2013-08-26T13:01:35","date_gmt":"2013-08-26T11:01:35","guid":{"rendered":"https:\/\/www.autodino.de\/autonews\/?page_id=50905"},"modified":"2023-02-23T11:29:08","modified_gmt":"2023-02-23T10:29:08","slug":"motorradtour-edersee-2011","status":"publish","type":"page","link":"https:\/\/www.autodino.de\/autobilder-galerie\/motorradtouren-bilder\/motorradtour-edersee-2011\/","title":{"rendered":"Motorradtour Edersee 2011"},"content":{"rendered":"<p>Da freust du dich auf eine sch\u00f6ne Motorradtour Edersee und dann ist da kaum noch Wasser drin, in der Ederpf\u00fctze. Im Sommer 2011 haben die dort Wasser ablassen m\u00fcssen, weil weiter unten ein Fest gefeiert werden sollte und der Flu\u00dfpegel dort zu niedrig erschien. Sehr zur Begeisterung der Fischerei und Touristen am Edersee&#8230;<\/p>\n<p>Klick auf das Foto, um alle Bilder der Galerie zu sehen!<\/p>\n    <div id=\"bwg_container1_0\"         class=\"bwg_container bwg_thumbnail bwg_thumbnails_mosaic \"         data-right-click-protection=\"1\"         data-bwg=\"0\"         data-scroll=\"0\"         data-gallery-type=\"thumbnails_mosaic\"         data-gallery-view-type=\"thumbnails_mosaic\"         data-current-url=\"\/wp-json\/wp\/v2\/pages\/50905\"         data-lightbox-url=\"https:\/\/www.autodino.de\/wp-admin\/admin-ajax.php?action=GalleryBox&#038;current_view=0&#038;gallery_id=9&#038;tag=0&#038;theme_id=1&#038;shortcode_id=12&#038;sort_by=order&#038;order_by=asc&#038;current_url=%2Fwp-json%2Fwp%2Fv2%2Fpages%2F50905\"         data-gallery-id=\"9\"         data-popup-width=\"800\"         data-popup-height=\"500\"         data-is-album=\"gallery\"         data-buttons-position=\"bottom\">      <div id=\"bwg_container2_0\">             <div id=\"ajax_loading_0\" class=\"bwg_loading_div_1\">      <div class=\"bwg_loading_div_2\">        <div class=\"bwg_loading_div_3\">          <div id=\"loading_div_0\" class=\"bwg_spider_ajax_loading\">          <\/div>        <\/div>      <\/div>    <\/div>            <form id=\"gal_front_form_0\"              class=\"bwg-hidden\"              method=\"post\"              action=\"#\"              data-current=\"0\"              data-shortcode-id=\"12\"              data-gallery-type=\"thumbnails_mosaic\"              data-gallery-id=\"9\"              data-tag=\"0\"              data-album-id=\"0\"              data-theme-id=\"1\"              data-ajax-url=\"https:\/\/www.autodino.de\/wp-admin\/admin-ajax.php?action=bwg_frontend_data\">          <div id=\"bwg_container3_0\" class=\"bwg-background bwg-background-0\">                <div id=\"bwg_mosaic_thumbnails_div_0\"         class=\"bwg-container-0 bwg-container bwg-mosaic-thumbnails\"         data-bwg=\"0\"         data-mosaic-direction=\"vertical\"         data-resizable=\"0\"         data-width=\"180\"         data-height=\"90\"         data-total-width=\"100\"         data-block-id=\"bwg_thumbnails_mosaic_0\"         data-thumb-padding=\"4\"         data-thumb-border=\"0\"         data-title-margin=\"2px\"         data-image-title=\"none\"         data-play-icon=\"1\"         data-ecommerce-icon=\"none\"         data-gallery-id=\"9\"         data-lightbox-url=\"https:\/\/www.autodino.de\/wp-admin\/admin-ajax.php?action=GalleryBox&#038;current_view=0&#038;gallery_id=9&#038;tag=0&#038;theme_id=1&#038;shortcode_id=12&#038;sort_by=order&#038;order_by=asc&#038;current_url=%2Fwp-json%2Fwp%2Fv2%2Fpages%2F50905\"         data-mosaic-thumb-transition=\"1\"         style=\"visibility: hidden\" >      <div id=\"bwg_thumbnails_mosaic_0\" class=\"bwg_mosaic_thumbnails_0\">                  <a  class=\"bwg-a bwg_lightbox bwg_lightbox_0\" href=\"https:\/\/www.autodino.de\/wp-content\/uploads\/photo-gallery\/Edersee%202011\/edersee_19_0.jpg\" data-image-id=\"356\" data-elementor-open-lightbox=\"no\">          <div class=\"bwg_mosaic_thumb_spun_0 bwg-item0 bwg-mosaic-thumb-span \">            <img decoding=\"async\" class=\"bwg_mosaic_thumb_0 skip-lazy bwg_img_clear bwg_img_custom  bwg_lazyload lazy_loader \"                 id=\"356\"                 src=\"https:\/\/www.autodino.de\/wp-content\/plugins\/photo-gallery\/images\/lazy_placeholder.gif\"                 data-src=\"https:\/\/www.autodino.de\/wp-content\/uploads\/photo-gallery\/Edersee%202011\/thumb\/edersee_19_0.jpg\"                 data-width=\"\"                 data-height=\"\"                 alt=\"edersee_19_0\"                 title=\"edersee_19_0\" \/>                      <\/div>        <\/a>                <a  class=\"bwg-a bwg_lightbox bwg_lightbox_0\" href=\"https:\/\/www.autodino.de\/wp-content\/uploads\/photo-gallery\/Edersee%202011\/edersee_19.jpg\" data-image-id=\"355\" data-elementor-open-lightbox=\"no\">          <div class=\"bwg_mosaic_thumb_spun_0 bwg-item0 bwg-mosaic-thumb-span \">            <img decoding=\"async\" class=\"bwg_mosaic_thumb_0 skip-lazy bwg_img_clear bwg_img_custom  bwg_lazyload lazy_loader \"                 id=\"355\"                 src=\"https:\/\/www.autodino.de\/wp-content\/plugins\/photo-gallery\/images\/lazy_placeholder.gif\"                 data-src=\"https:\/\/www.autodino.de\/wp-content\/uploads\/photo-gallery\/Edersee%202011\/thumb\/edersee_19.jpg\"                 data-width=\"\"                 data-height=\"\"                 alt=\"edersee_19\"                 title=\"edersee_19\" \/>                      <\/div>        <\/a>                <a  class=\"bwg-a bwg_lightbox bwg_lightbox_0\" href=\"https:\/\/www.autodino.de\/wp-content\/uploads\/photo-gallery\/Edersee%202011\/edersee_18.jpg\" data-image-id=\"354\" data-elementor-open-lightbox=\"no\">          <div class=\"bwg_mosaic_thumb_spun_0 bwg-item0 bwg-mosaic-thumb-span \">            <img decoding=\"async\" class=\"bwg_mosaic_thumb_0 skip-lazy bwg_img_clear bwg_img_custom  bwg_lazyload lazy_loader \"                 id=\"354\"                 src=\"https:\/\/www.autodino.de\/wp-content\/plugins\/photo-gallery\/images\/lazy_placeholder.gif\"                 data-src=\"https:\/\/www.autodino.de\/wp-content\/uploads\/photo-gallery\/Edersee%202011\/thumb\/edersee_18.jpg\"                 data-width=\"\"                 data-height=\"\"                 alt=\"edersee_18\"                 title=\"edersee_18\" \/>                      <\/div>        <\/a>                <a  class=\"bwg-a bwg_lightbox bwg_lightbox_0\" href=\"https:\/\/www.autodino.de\/wp-content\/uploads\/photo-gallery\/Edersee%202011\/edersee_17.jpg\" data-image-id=\"353\" data-elementor-open-lightbox=\"no\">          <div class=\"bwg_mosaic_thumb_spun_0 bwg-item0 bwg-mosaic-thumb-span \">            <img decoding=\"async\" class=\"bwg_mosaic_thumb_0 skip-lazy bwg_img_clear bwg_img_custom  bwg_lazyload lazy_loader \"                 id=\"353\"                 src=\"https:\/\/www.autodino.de\/wp-content\/plugins\/photo-gallery\/images\/lazy_placeholder.gif\"                 data-src=\"https:\/\/www.autodino.de\/wp-content\/uploads\/photo-gallery\/Edersee%202011\/thumb\/edersee_17.jpg\"                 data-width=\"\"                 data-height=\"\"                 alt=\"edersee_17\"                 title=\"edersee_17\" \/>                      <\/div>        <\/a>                <a  class=\"bwg-a bwg_lightbox bwg_lightbox_0\" href=\"https:\/\/www.autodino.de\/wp-content\/uploads\/photo-gallery\/Edersee%202011\/edersee_16.jpg\" data-image-id=\"352\" data-elementor-open-lightbox=\"no\">          <div class=\"bwg_mosaic_thumb_spun_0 bwg-item0 bwg-mosaic-thumb-span \">            <img decoding=\"async\" class=\"bwg_mosaic_thumb_0 skip-lazy bwg_img_clear bwg_img_custom  bwg_lazyload lazy_loader \"                 id=\"352\"                 src=\"https:\/\/www.autodino.de\/wp-content\/plugins\/photo-gallery\/images\/lazy_placeholder.gif\"                 data-src=\"https:\/\/www.autodino.de\/wp-content\/uploads\/photo-gallery\/Edersee%202011\/thumb\/edersee_16.jpg\"                 data-width=\"\"                 data-height=\"\"                 alt=\"edersee_16\"                 title=\"edersee_16\" \/>                      <\/div>        <\/a>                <a  class=\"bwg-a bwg_lightbox bwg_lightbox_0\" href=\"https:\/\/www.autodino.de\/wp-content\/uploads\/photo-gallery\/Edersee%202011\/edersee_15.jpg\" data-image-id=\"351\" data-elementor-open-lightbox=\"no\">          <div class=\"bwg_mosaic_thumb_spun_0 bwg-item0 bwg-mosaic-thumb-span \">            <img decoding=\"async\" class=\"bwg_mosaic_thumb_0 skip-lazy bwg_img_clear bwg_img_custom  bwg_lazyload lazy_loader \"                 id=\"351\"                 src=\"https:\/\/www.autodino.de\/wp-content\/plugins\/photo-gallery\/images\/lazy_placeholder.gif\"                 data-src=\"https:\/\/www.autodino.de\/wp-content\/uploads\/photo-gallery\/Edersee%202011\/thumb\/edersee_15.jpg\"                 data-width=\"\"                 data-height=\"\"                 alt=\"edersee_15\"                 title=\"edersee_15\" \/>                      <\/div>        <\/a>                <a  class=\"bwg-a bwg_lightbox bwg_lightbox_0\" href=\"https:\/\/www.autodino.de\/wp-content\/uploads\/photo-gallery\/Edersee%202011\/edersee_14.jpg\" data-image-id=\"350\" data-elementor-open-lightbox=\"no\">          <div class=\"bwg_mosaic_thumb_spun_0 bwg-item0 bwg-mosaic-thumb-span \">            <img decoding=\"async\" class=\"bwg_mosaic_thumb_0 skip-lazy bwg_img_clear bwg_img_custom  bwg_lazyload lazy_loader \"                 id=\"350\"                 src=\"https:\/\/www.autodino.de\/wp-content\/plugins\/photo-gallery\/images\/lazy_placeholder.gif\"                 data-src=\"https:\/\/www.autodino.de\/wp-content\/uploads\/photo-gallery\/Edersee%202011\/thumb\/edersee_14.jpg\"                 data-width=\"\"                 data-height=\"\"                 alt=\"edersee_14\"                 title=\"edersee_14\" \/>                      <\/div>        <\/a>                <a  class=\"bwg-a bwg_lightbox bwg_lightbox_0\" href=\"https:\/\/www.autodino.de\/wp-content\/uploads\/photo-gallery\/Edersee%202011\/edersee_13.jpg\" data-image-id=\"349\" data-elementor-open-lightbox=\"no\">          <div class=\"bwg_mosaic_thumb_spun_0 bwg-item0 bwg-mosaic-thumb-span \">            <img decoding=\"async\" class=\"bwg_mosaic_thumb_0 skip-lazy bwg_img_clear bwg_img_custom  bwg_lazyload lazy_loader \"                 id=\"349\"                 src=\"https:\/\/www.autodino.de\/wp-content\/plugins\/photo-gallery\/images\/lazy_placeholder.gif\"                 data-src=\"https:\/\/www.autodino.de\/wp-content\/uploads\/photo-gallery\/Edersee%202011\/thumb\/edersee_13.jpg\"                 data-width=\"\"                 data-height=\"\"                 alt=\"edersee_13\"                 title=\"edersee_13\" \/>                      <\/div>        <\/a>                <a  class=\"bwg-a bwg_lightbox bwg_lightbox_0\" href=\"https:\/\/www.autodino.de\/wp-content\/uploads\/photo-gallery\/Edersee%202011\/edersee_12.jpg\" data-image-id=\"348\" data-elementor-open-lightbox=\"no\">          <div class=\"bwg_mosaic_thumb_spun_0 bwg-item0 bwg-mosaic-thumb-span \">            <img decoding=\"async\" class=\"bwg_mosaic_thumb_0 skip-lazy bwg_img_clear bwg_img_custom  bwg_lazyload lazy_loader \"                 id=\"348\"                 src=\"https:\/\/www.autodino.de\/wp-content\/plugins\/photo-gallery\/images\/lazy_placeholder.gif\"                 data-src=\"https:\/\/www.autodino.de\/wp-content\/uploads\/photo-gallery\/Edersee%202011\/thumb\/edersee_12.jpg\"                 data-width=\"\"                 data-height=\"\"                 alt=\"edersee_12\"                 title=\"edersee_12\" \/>                      <\/div>        <\/a>                <a  class=\"bwg-a bwg_lightbox bwg_lightbox_0\" href=\"https:\/\/www.autodino.de\/wp-content\/uploads\/photo-gallery\/Edersee%202011\/edersee_11.jpg\" data-image-id=\"347\" data-elementor-open-lightbox=\"no\">          <div class=\"bwg_mosaic_thumb_spun_0 bwg-item0 bwg-mosaic-thumb-span \">            <img decoding=\"async\" class=\"bwg_mosaic_thumb_0 skip-lazy bwg_img_clear bwg_img_custom  bwg_lazyload lazy_loader \"                 id=\"347\"                 src=\"https:\/\/www.autodino.de\/wp-content\/plugins\/photo-gallery\/images\/lazy_placeholder.gif\"                 data-src=\"https:\/\/www.autodino.de\/wp-content\/uploads\/photo-gallery\/Edersee%202011\/thumb\/edersee_11.jpg\"                 data-width=\"\"                 data-height=\"\"                 alt=\"edersee_11\"                 title=\"edersee_11\" \/>                      <\/div>        <\/a>            <\/div>    <\/div>          <span class=\"bwg_nav_cont_0\">              <div class=\"tablenav-pages_0\">                      <span class=\"pagination-links_0 pagination-links\" data-pages-count=\"2\">              <span class=\"pagination-links_col1\">              <a class=\"bwg-a first-page disabled\" title=\"Zur ersten Seite\" >\u00ab<\/a>              <a class=\"bwg-a prev-page disabled\" title=\"Zur vorherigen Seite\" >\u2039<\/a>              <\/span>\t\t\t\t\t\t\t<span class=\"pagination-links_col2\">\t\t\t\t\t\t\t\t\t<input type=\"number\" class=\"bwg_current_page\" name=\"bwg_current_page\" value=\"1\" data-url-info=\"page_number_0\" onkeypress=\"return bwg_change_page_0(event, this)\" min=\"1\" oninput=\"validity.valid||(value='')\" \/>\t\t\t\t\t\t\t\t\t\tvon\t\t\t\t\t\t\t\t\t\t<span class=\"total-pages_0\">\t\t\t\t\t\t\t\t\t\t\t2\t\t\t\t\t\t\t\t\t\t<\/span>\t\t\t\t\t\t\t<\/span>              <span class=\"pagination-links_col3\">                <a class=\"bwg-a next-page-0\" title=\"Zur n\u00e4chsten Seite\" href=\"\/wp-json\/wp\/v2\/pages\/50905?page_number_0=2\">\u203a<\/a>                <a class=\"bwg-a last-page-0\" title=\"Zur letzten Seite\" href=\"\/wp-json\/wp\/v2\/pages\/50905?page_number_0=2\">\u00bb<\/a>              <\/span>\t\t\t\t\t\t<\/span>\t\t\t\t\t\t        <\/div>                <input type=\"hidden\" id=\"page_number_0\" name=\"page_number_0\" value=\"1\" \/>      <script type=\"text\/javascript\">        if( jQuery('.bwg_nav_cont_0').length > 1 ) {          jQuery('.bwg_nav_cont_0').first().remove()        }        function spider_page_0(cur, x, y, load_more) {          if (typeof load_more == \"undefined\") {            var load_more = false;          }          if (jQuery(cur).hasClass('disabled')) {            return false;          }          var items_county_0 = 2;          switch (y) {            case 1:              if (x >= items_county_0) {                document.getElementById('page_number_0').value = items_county_0;              }              else {                document.getElementById('page_number_0').value = x + 1;              }              break;            case 2:              document.getElementById('page_number_0').value = items_county_0;              break;            case -1:              if (x == 1) {                document.getElementById('page_number_0').value = 1;              }              else {                document.getElementById('page_number_0').value = x - 1;              }              break;            case -2:              document.getElementById('page_number_0').value = 1;              break;\t\t\t\t\t\tcase 0:              document.getElementById('page_number_0').value = x;              break;            default:              document.getElementById('page_number_0').value = 1;          }          bwg_ajax('gal_front_form_0', '0', 'bwg_thumbnails_mosaic_0', '0', '', 'gallery', 0, '', '', load_more, '', 1);        }                    jQuery('.first-page disabled').on('click', function () {              spider_page_0(this, 1, -2, 'numeric');              return false;            });            jQuery('.prev-page disabled').on('click', function () {              spider_page_0(this, 1, -1, 'numeric');              return false;            });            jQuery('.next-page-0').on('click', function () {              spider_page_0(this, 1, 1, 'numeric');              return false;            });            jQuery('.last-page-0').on('click', function () {              spider_page_0(this, 1, 2, 'numeric');              return false;            });        \t\t\t\t\/* Change page on input enter. *\/        function bwg_change_page_0( e, that ) {          if (  e.key == 'Enter' ) {            var to_page = parseInt(jQuery(that).val());            var pages_count = jQuery(that).parents(\".pagination-links\").data(\"pages-count\");            var current_url_param = jQuery(that).attr('data-url-info');            if (to_page > pages_count) {              to_page = 1;            }\t \t\t\t\t\t\t\t\t\t\t\t\tspider_page_0(this, to_page, 0, 'numeric');\t\t\t\t\t\t\treturn false;\t\t\t\t\t\t          }          return true;        }        jQuery('.bwg_load_btn_0').on('click', function () {            spider_page_0(this, 1, 1, true);            return false;        });      <\/script>      <\/span>                <\/div>        <\/form>                <div id=\"bwg_spider_popup_loading_0\" class=\"bwg_spider_popup_loading\"><\/div>        <div id=\"spider_popup_overlay_0\" class=\"spider_popup_overlay\" onclick=\"spider_destroypopup(1000)\"><\/div>        <input type=\"hidden\" id=\"bwg_random_seed_0\" value=\"235211650\">                <\/div>    <\/div>    <script>      if (document.readyState === 'complete') {        if( typeof bwg_main_ready == 'function' ) {          if ( jQuery(\"#bwg_container1_0\").height() ) {            bwg_main_ready(jQuery(\"#bwg_container1_0\"));          }        }      } else {        document.addEventListener('DOMContentLoaded', function() {          if( typeof bwg_main_ready == 'function' ) {            if ( jQuery(\"#bwg_container1_0\").height() ) {             bwg_main_ready(jQuery(\"#bwg_container1_0\"));            }          }        });      }    <\/script>    \n<p><center><script async src=\"\/\/pagead2.googlesyndication.com\/pagead\/js\/adsbygoogle.js\"><\/script><br \/>\n<!-- Autodino_linkleiste Galerien --><br \/>\n<ins class=\"adsbygoogle\" style=\"display: inline-block; width: 468px; height: 15px;\" data-ad-client=\"ca-pub-0544102210452100\" data-ad-slot=\"2192596237\"><\/ins><br \/>\n<script>\n(adsbygoogle = window.adsbygoogle || []).push({});\n<\/script><\/center><\/p>\n","protected":false},"excerpt":{"rendered":"<p>Da freust du dich auf eine sch\u00f6ne Motorradtour Edersee und dann ist da kaum noch Wasser drin, in der Ederpf\u00fctze. Im Sommer 2011 haben die dort Wasser ablassen m\u00fcssen, weil weiter unten ein Fest gefeiert werden sollte und der Flu\u00dfpegel dort zu niedrig erschien. Sehr zur Begeisterung der Fischerei und &hellip;<\/p>\n","protected":false},"author":166,"featured_media":0,"parent":46713,"menu_order":0,"comment_status":"open","ping_status":"closed","template":"","meta":{"footnotes":""},"class_list":["post-50905","page","type-page","status-publish","hentry"],"_links":{"self":[{"href":"https:\/\/www.autodino.de\/wp-json\/wp\/v2\/pages\/50905","targetHints":{"allow":["GET"]}}],"collection":[{"href":"https:\/\/www.autodino.de\/wp-json\/wp\/v2\/pages"}],"about":[{"href":"https:\/\/www.autodino.de\/wp-json\/wp\/v2\/types\/page"}],"author":[{"embeddable":true,"href":"https:\/\/www.autodino.de\/wp-json\/wp\/v2\/users\/166"}],"replies":[{"embeddable":true,"href":"https:\/\/www.autodino.de\/wp-json\/wp\/v2\/comments?post=50905"}],"version-history":[{"count":0,"href":"https:\/\/www.autodino.de\/wp-json\/wp\/v2\/pages\/50905\/revisions"}],"up":[{"embeddable":true,"href":"https:\/\/www.autodino.de\/wp-json\/wp\/v2\/pages\/46713"}],"wp:attachment":[{"href":"https:\/\/www.autodino.de\/wp-json\/wp\/v2\/media?parent=50905"}],"curies":[{"name":"wp","href":"https:\/\/api.w.org\/{rel}","templated":true}]}}